{"id":1161,"date":"2024-09-21T12:40:27","date_gmt":"2024-09-21T09:40:27","guid":{"rendered":"https:\/\/goalgpt.pro\/?page_id=1161"},"modified":"2024-09-21T13:06:58","modified_gmt":"2024-09-21T10:06:58","slug":"contact-us","status":"publish","type":"page","link":"https:\/\/goalgpt.pro\/tr\/contact-us\/","title":{"rendered":"Contact Us"},"content":{"rendered":"<div data-elementor-type=\"wp-page\" data-elementor-id=\"1161\" class=\"elementor elementor-1161\" data-elementor-post-type=\"page\">\n\t\t\t\t<div class=\"elementor-element elementor-element-40b89e6 e-flex e-con-boxed e-con e-parent\" data-id=\"40b89e6\" data-element_type=\"container\">\n\t\t\t\t\t<div class=\"e-con-inner\">\n\t\t\t\t<div class=\"elementor-element elementor-element-5b22e9d elementor-widget elementor-widget-heading\" data-id=\"5b22e9d\" data-element_type=\"widget\" data-widget_type=\"heading.default\">\n\t\t\t\t<div class=\"elementor-widget-container\">\n\t\t\t\t\t<h2 class=\"elementor-heading-title elementor-size-default\">Contact Us<\/h2>\t\t\t\t<\/div>\n\t\t\t\t<\/div>\n\t\t\t\t<div class=\"elementor-element elementor-element-bd6f16e elementor-widget elementor-widget-text-editor\" data-id=\"bd6f16e\" data-element_type=\"widget\" data-widget_type=\"text-editor.default\">\n\t\t\t\t<div class=\"elementor-widget-container\">\n\t\t\t\t\t\t\t\t\t<p>We\u2019d love to hear from you! Whether you have questions, feedback, or need assistance, our team is here to help. Please fill out the form below, and we\u2019ll get back to you as soon as possible. Your thoughts are important to us.<\/p>\t\t\t\t\t\t\t\t<\/div>\n\t\t\t\t<\/div>\n\t\t\t\t<div class=\"elementor-element elementor-element-d263790 elementor-widget elementor-widget-wpforms\" data-id=\"d263790\" data-element_type=\"widget\" data-widget_type=\"wpforms.default\">\n\t\t\t\t<div class=\"elementor-widget-container\">\n\t\t\t\t\t<div class=\"wpforms-container\" id=\"wpforms-1172\"><form id=\"wpforms-form-1172\" class=\"wpforms-validate wpforms-form\" data-formid=\"1172\" method=\"post\" enctype=\"multipart\/form-data\" action=\"\/tr\/wp-json\/wp\/v2\/pages\/1161\" data-token=\"4f5fb7fc9b6f0df737087fa803a87358\" data-token-time=\"1776612000\" data-trp-original-action=\"\/tr\/wp-json\/wp\/v2\/pages\/1161\"><noscript class=\"wpforms-error-noscript\">Bu formu bitirebilmek i\u00e7in taray\u0131c\u0131n\u0131zda JavaScript&#039;i etkinle\u015ftirin.<\/noscript><div class=\"wpforms-field-container\"><div id=\"wpforms-1172-field_2-container\" class=\"wpforms-field wpforms-field-text\" data-field-id=\"2\"><label class=\"wpforms-field-label\" for=\"wpforms-1172-field_2\">Full Name <span class=\"wpforms-required-label\">*<\/span><\/label><input type=\"text\" id=\"wpforms-1172-field_2\" class=\"wpforms-field-large wpforms-field-required\" name=\"wpforms[fields][2]\" placeholder=\"Enter full name\" required><\/div><div id=\"wpforms-1172-field_1-container\" class=\"wpforms-field wpforms-field-email\" data-field-id=\"1\"><label class=\"wpforms-field-label\" for=\"wpforms-1172-field_1\">E-mail Address <span class=\"wpforms-required-label\">*<\/span><\/label><input type=\"email\" id=\"wpforms-1172-field_1\" class=\"wpforms-field-large wpforms-field-required\" name=\"wpforms[fields][1]\" placeholder=\"Enter e-mail address\" spellcheck=\"false\" required><\/div><div id=\"wpforms-1172-field_6-container\" class=\"wpforms-field wpforms-field-text\" data-field-id=\"6\"><label class=\"wpforms-field-label\" for=\"wpforms-1172-field_6\">Phone Number<\/label><input type=\"text\" id=\"wpforms-1172-field_6\" class=\"wpforms-field-medium\" name=\"wpforms[fields][6]\" placeholder=\"Enter phone number\" ><\/div><div id=\"wpforms-1172-field_4-container\" class=\"wpforms-field wpforms-field-select wpforms-field-select-style-classic\" data-field-id=\"4\"><label class=\"wpforms-field-label\" for=\"wpforms-1172-field_4\">Type of issue <span class=\"wpforms-required-label\">*<\/span><\/label><select id=\"wpforms-1172-field_4\" class=\"wpforms-field-large wpforms-field-required\" name=\"wpforms[fields][4]\" required=\"required\"><option value=\"\" class=\"placeholder\" disabled selected='selected'>Please Select One...<\/option><option value=\"Report abuse\" >Report abuse<\/option><option value=\"Bug report (IOS)\" >Bug report (IOS)<\/option><option value=\"Bug report (Android)\" >Bug report (Android)<\/option><option value=\"I cannot access my account\" >I cannot access my account<\/option><option value=\"Purchase or Subscription issue\" >Purchase or Subscription issue<\/option><option value=\"Account deletion request\" >Account deletion request<\/option><option value=\"Other\" >Other<\/option><\/select><\/div><div id=\"wpforms-1172-field_5-container\" class=\"wpforms-field wpforms-field-textarea\" data-field-id=\"5\"><label class=\"wpforms-field-label\" for=\"wpforms-1172-field_5\">Description <span class=\"wpforms-required-label\">*<\/span><\/label><textarea id=\"wpforms-1172-field_5\" class=\"wpforms-field-medium wpforms-field-required\" name=\"wpforms[fields][5]\" required><\/textarea><\/div><div id=\"wpforms-1172-field_3-container\" class=\"wpforms-field wpforms-field-payment-checkbox\" data-field-id=\"3\"><label class=\"wpforms-field-label wpforms-label-hide\">Consent<\/label><ul id=\"wpforms-1172-field_3\"><li class=\"choice-1 wpforms-selected\"><input type=\"checkbox\" id=\"wpforms-1172-field_3_1\" class=\"wpforms-payment-price\" data-amount=\"10.00\" name=\"wpforms[fields][3][]\" value=\"1\"   checked='checked'><label class=\"wpforms-field-label-inline\" for=\"wpforms-1172-field_3_1\">By submitting this form, I consent to Wizards Technology collecting and processing my personal data in accordance with their privacy policy. I understand that my information will only be used to respond to my inquiry and provide relevant updates.<\/label><\/li><\/ul><\/div><\/div><!-- .wpforms-field-container --><div class=\"wpforms-submit-container\" ><input type=\"hidden\" name=\"wpforms[id]\" value=\"1172\"><input type=\"hidden\" name=\"page_title\" value=\"\"><input type=\"hidden\" name=\"page_url\" value=\"https:\/\/goalgpt.pro\/tr\/wp-json\/wp\/v2\/pages\/1161\"><input type=\"hidden\" name=\"url_referer\" value=\"\"><button type=\"submit\" name=\"wpforms[submit]\" id=\"wpforms-submit-1172\" class=\"wpforms-submit\" data-alt-text=\"Sending your message\" data-submit-text=\"Send message\" aria-live=\"assertive\" value=\"wpforms-submit\">Send message<\/button><\/div><input type=\"hidden\" name=\"trp-form-language\" value=\"tr\"\/><\/form><\/div>  <!-- .wpforms-container -->\t\t\t\t<\/div>\n\t\t\t\t<\/div>\n\t\t\t\t\t<\/div>\n\t\t\t\t<\/div>\n\t\t\t\t<\/div>","protected":false},"excerpt":{"rendered":"<p>Contact Us We\u2019d love to hear from you! Whether you have questions, feedback, or need assistance, our team is here to help. Please fill out the form below, and we\u2019ll get back to you as soon as possible. Your thoughts are important to us. Please enable JavaScript in your browser to complete this form.Full Name [&hellip;]<\/p>","protected":false},"author":1,"featured_media":0,"parent":0,"menu_order":0,"comment_status":"closed","ping_status":"closed","template":"","meta":{"footnotes":""},"class_list":["post-1161","page","type-page","status-publish","hentry"],"yoast_head":"<!-- This site is optimized with the Yoast SEO plugin v24.6 - https:\/\/yoast.com\/wordpress\/plugins\/seo\/ -->\n<title>Contact Us - GoalGPT<\/title>\n<meta name=\"robots\" content=\"index, follow, max-snippet:-1, max-image-preview:large, max-video-preview:-1\" \/>\n<link rel=\"canonical\" href=\"https:\/\/goalgpt.pro\/tr\/contact-us\/\" \/>\n<meta property=\"og:locale\" content=\"tr_TR\" \/>\n<meta property=\"og:type\" content=\"article\" \/>\n<meta property=\"og:title\" content=\"Contact Us - GoalGPT\" \/>\n<meta property=\"og:description\" content=\"Contact Us We\u2019d love to hear from you! Whether you have questions, feedback, or need assistance, our team is here to help. Please fill out the form below, and we\u2019ll get back to you as soon as possible. Your thoughts are important to us. Please enable JavaScript in your browser to complete this form.Full Name [&hellip;]\" \/>\n<meta property=\"og:url\" content=\"https:\/\/goalgpt.pro\/tr\/contact-us\/\" \/>\n<meta property=\"og:site_name\" content=\"GoalGPT\" \/>\n<meta property=\"article:modified_time\" content=\"2024-09-21T10:06:58+00:00\" \/>\n<meta name=\"twitter:card\" content=\"summary_large_image\" \/>\n<meta name=\"twitter:label1\" content=\"Tahmini okuma s\u00fcresi\" \/>\n\t<meta name=\"twitter:data1\" content=\"1 dakika\" \/>\n<script type=\"application\/ld+json\" class=\"yoast-schema-graph\">{\"@context\":\"https:\/\/schema.org\",\"@graph\":[{\"@type\":\"WebPage\",\"@id\":\"https:\/\/goalgpt.pro\/contact-us\/\",\"url\":\"https:\/\/goalgpt.pro\/contact-us\/\",\"name\":\"Contact Us - GoalGPT\",\"isPartOf\":{\"@id\":\"https:\/\/goalgpt.pro\/#website\"},\"datePublished\":\"2024-09-21T09:40:27+00:00\",\"dateModified\":\"2024-09-21T10:06:58+00:00\",\"breadcrumb\":{\"@id\":\"https:\/\/goalgpt.pro\/contact-us\/#breadcrumb\"},\"inLanguage\":\"tr\",\"potentialAction\":[{\"@type\":\"ReadAction\",\"target\":[\"https:\/\/goalgpt.pro\/contact-us\/\"]}]},{\"@type\":\"BreadcrumbList\",\"@id\":\"https:\/\/goalgpt.pro\/contact-us\/#breadcrumb\",\"itemListElement\":[{\"@type\":\"ListItem\",\"position\":1,\"name\":\"Anasayfa\",\"item\":\"https:\/\/goalgpt.pro\/\"},{\"@type\":\"ListItem\",\"position\":2,\"name\":\"Contact Us\"}]},{\"@type\":\"WebSite\",\"@id\":\"https:\/\/goalgpt.pro\/#website\",\"url\":\"https:\/\/goalgpt.pro\/\",\"name\":\"GoalGPT\",\"description\":\"Harness the Power of AI for Smarter, Profitable Predictions\",\"publisher\":{\"@id\":\"https:\/\/goalgpt.pro\/#organization\"},\"inLanguage\":\"tr\"},{\"@type\":\"Organization\",\"@id\":\"https:\/\/goalgpt.pro\/#organization\",\"name\":\"GoalGPT\",\"url\":\"https:\/\/goalgpt.pro\/\",\"logo\":{\"@type\":\"ImageObject\",\"inLanguage\":\"tr\",\"@id\":\"https:\/\/goalgpt.pro\/#\/schema\/logo\/image\/\",\"url\":\"https:\/\/goalgpt.pro\/wp-content\/uploads\/2024\/09\/goalgpt-logo.webp\",\"contentUrl\":\"https:\/\/goalgpt.pro\/wp-content\/uploads\/2024\/09\/goalgpt-logo.webp\",\"width\":133,\"height\":48,\"caption\":\"GoalGPT\"},\"image\":{\"@id\":\"https:\/\/goalgpt.pro\/#\/schema\/logo\/image\/\"},\"sameAs\":[\"https:\/\/www.instagram.com\/goalgpt_\/reel\/C9w_bTvo_9z\/?igsh=cjgxcm5td2F4MDZh\"]}]}<\/script>\n<!-- \/ Yoast SEO plugin. -->","yoast_head_json":{"title":"Contact Us - GoalGPT","robots":{"index":"index","follow":"follow","max-snippet":"max-snippet:-1","max-image-preview":"max-image-preview:large","max-video-preview":"max-video-preview:-1"},"canonical":"https:\/\/goalgpt.pro\/tr\/contact-us\/","og_locale":"tr_TR","og_type":"article","og_title":"Contact Us - GoalGPT","og_description":"Contact Us We\u2019d love to hear from you! Whether you have questions, feedback, or need assistance, our team is here to help. Please fill out the form below, and we\u2019ll get back to you as soon as possible. Your thoughts are important to us. Please enable JavaScript in your browser to complete this form.Full Name [&hellip;]","og_url":"https:\/\/goalgpt.pro\/tr\/contact-us\/","og_site_name":"GoalGPT","article_modified_time":"2024-09-21T10:06:58+00:00","twitter_card":"summary_large_image","twitter_misc":{"Tahmini okuma s\u00fcresi":"1 dakika"},"schema":{"@context":"https:\/\/schema.org","@graph":[{"@type":"WebPage","@id":"https:\/\/goalgpt.pro\/contact-us\/","url":"https:\/\/goalgpt.pro\/contact-us\/","name":"Contact Us - GoalGPT","isPartOf":{"@id":"https:\/\/goalgpt.pro\/#website"},"datePublished":"2024-09-21T09:40:27+00:00","dateModified":"2024-09-21T10:06:58+00:00","breadcrumb":{"@id":"https:\/\/goalgpt.pro\/contact-us\/#breadcrumb"},"inLanguage":"tr","potentialAction":[{"@type":"ReadAction","target":["https:\/\/goalgpt.pro\/contact-us\/"]}]},{"@type":"BreadcrumbList","@id":"https:\/\/goalgpt.pro\/contact-us\/#breadcrumb","itemListElement":[{"@type":"ListItem","position":1,"name":"Anasayfa","item":"https:\/\/goalgpt.pro\/"},{"@type":"ListItem","position":2,"name":"Contact Us"}]},{"@type":"WebSite","@id":"https:\/\/goalgpt.pro\/#website","url":"https:\/\/goalgpt.pro\/","name":"GoalGPT","description":"Harness the Power of AI for Smarter, Profitable Predictions","publisher":{"@id":"https:\/\/goalgpt.pro\/#organization"},"inLanguage":"tr"},{"@type":"Organization","@id":"https:\/\/goalgpt.pro\/#organization","name":"GoalGPT","url":"https:\/\/goalgpt.pro\/","logo":{"@type":"ImageObject","inLanguage":"tr","@id":"https:\/\/goalgpt.pro\/#\/schema\/logo\/image\/","url":"https:\/\/goalgpt.pro\/wp-content\/uploads\/2024\/09\/goalgpt-logo.webp","contentUrl":"https:\/\/goalgpt.pro\/wp-content\/uploads\/2024\/09\/goalgpt-logo.webp","width":133,"height":48,"caption":"GoalGPT"},"image":{"@id":"https:\/\/goalgpt.pro\/#\/schema\/logo\/image\/"},"sameAs":["https:\/\/www.instagram.com\/goalgpt_\/reel\/C9w_bTvo_9z\/?igsh=cjgxcm5td2F4MDZh"]}]}},"_links":{"self":[{"href":"https:\/\/goalgpt.pro\/tr\/wp-json\/wp\/v2\/pages\/1161","targetHints":{"allow":["GET"]}}],"collection":[{"href":"https:\/\/goalgpt.pro\/tr\/wp-json\/wp\/v2\/pages"}],"about":[{"href":"https:\/\/goalgpt.pro\/tr\/wp-json\/wp\/v2\/types\/page"}],"author":[{"embeddable":true,"href":"https:\/\/goalgpt.pro\/tr\/wp-json\/wp\/v2\/users\/1"}],"replies":[{"embeddable":true,"href":"https:\/\/goalgpt.pro\/tr\/wp-json\/wp\/v2\/comments?post=1161"}],"version-history":[{"count":10,"href":"https:\/\/goalgpt.pro\/tr\/wp-json\/wp\/v2\/pages\/1161\/revisions"}],"predecessor-version":[{"id":1178,"href":"https:\/\/goalgpt.pro\/tr\/wp-json\/wp\/v2\/pages\/1161\/revisions\/1178"}],"wp:attachment":[{"href":"https:\/\/goalgpt.pro\/tr\/wp-json\/wp\/v2\/media?parent=1161"}],"curies":[{"name":"wp","href":"https:\/\/api.w.org\/{rel}","templated":true}]}}